{"id":3453,"date":"2023-10-03T12:29:47","date_gmt":"2023-10-03T11:29:47","guid":{"rendered":"https:\/\/alarabtv.info\/?page_id=3453"},"modified":"2023-11-29T12:32:52","modified_gmt":"2023-11-29T11:32:52","slug":"qui-sommes-nous","status":"publish","type":"page","link":"https:\/\/alarabtv.info\/?page_id=3453","title":{"rendered":"Qui sommes nous ?"},"content":{"rendered":"<p>Le site web \u00ab alarabtv.info \u00bb est un site marocain d\u2019informations  nationales et internationales fiables , en langues arabe et en fran\u00e7ais.Le site diffuse par \u00e9crit ou vid\u00e9o toutes les activit\u00e9s  politiques, \u00e9conomiques, culturelles , artistiques et sportives avec pour  principale devise \u00ab l\u2019information est sacr\u00e9e et le commentaire est libre \u00bb.<\/p>\n","protected":false},"excerpt":{"rendered":"<p>Le site web \u00ab alarabtv.info \u00bb est un site marocain d\u2019informations nationales et internationales fiables , en langues arabe et<\/p>\n","protected":false},"author":1,"featured_media":2875,"parent":0,"menu_order":0,"comment_status":"closed","ping_status":"closed","template":"","meta":{"footnotes":""},"magazineBlocksPostFeaturedMedia":{"thumbnail":"https:\/\/alarabtv.info\/wp-content\/uploads\/2023\/11\/logo-alarabtv-ar-ICO.png","medium":"https:\/\/alarabtv.info\/wp-content\/uploads\/2023\/11\/logo-alarabtv-ar-ICO.png","medium_large":"https:\/\/alarabtv.info\/wp-content\/uploads\/2023\/11\/logo-alarabtv-ar-ICO.png","large":"https:\/\/alarabtv.info\/wp-content\/uploads\/2023\/11\/logo-alarabtv-ar-ICO.png","1536x1536":"https:\/\/alarabtv.info\/wp-content\/uploads\/2023\/11\/logo-alarabtv-ar-ICO.png","2048x2048":"https:\/\/alarabtv.info\/wp-content\/uploads\/2023\/11\/logo-alarabtv-ar-ICO.png","colormag-highlighted-post":"https:\/\/alarabtv.info\/wp-content\/uploads\/2023\/11\/logo-alarabtv-ar-ICO.png","colormag-featured-post-medium":"https:\/\/alarabtv.info\/wp-content\/uploads\/2023\/11\/logo-alarabtv-ar-ICO.png","colormag-featured-post-small":"https:\/\/alarabtv.info\/wp-content\/uploads\/2023\/11\/logo-alarabtv-ar-ICO-130x90.png","colormag-featured-image":"https:\/\/alarabtv.info\/wp-content\/uploads\/2023\/11\/logo-alarabtv-ar-ICO.png","colormag-default-news":"https:\/\/alarabtv.info\/wp-content\/uploads\/2023\/11\/logo-alarabtv-ar-ICO.png","colormag-featured-image-large":"https:\/\/alarabtv.info\/wp-content\/uploads\/2023\/11\/logo-alarabtv-ar-ICO.png","colormag-elementor-block-extra-large-thumbnail":"https:\/\/alarabtv.info\/wp-content\/uploads\/2023\/11\/logo-alarabtv-ar-ICO.png","colormag-elementor-grid-large-thumbnail":"https:\/\/alarabtv.info\/wp-content\/uploads\/2023\/11\/logo-alarabtv-ar-ICO.png","colormag-elementor-grid-small-thumbnail":"https:\/\/alarabtv.info\/wp-content\/uploads\/2023\/11\/logo-alarabtv-ar-ICO.png","colormag-elementor-grid-medium-large-thumbnail":"https:\/\/alarabtv.info\/wp-content\/uploads\/2023\/11\/logo-alarabtv-ar-ICO.png"},"magazineBlocksPostAuthor":{"name":"\u0642\u0646\u0627\u0629 \u0627\u0644\u0639\u0631\u0628","avatar":"https:\/\/secure.gravatar.com\/avatar\/d2103371f0fc67b3a89dab3b27d5c6b1?s=96&d=mm&r=g"},"magazineBlocksPostCommentsNumber":false,"magazineBlocksPostExcerpt":"Le site web \u00ab alarabtv.info \u00bb est un site marocain d\u2019informations nationales et internationales fiables , en langues arabe et","magazineBlocksPostCategories":[],"yoast_head":"<!-- This site is optimized with the Yoast SEO plugin v22.1 - https:\/\/yoast.com\/wordpress\/plugins\/seo\/ -->\n<title>Qui sommes nous ? - Al Arab TV<\/title>\n<meta name=\"description\" content=\"qui-sommes-nous Le site web \u00ab alarabtv.info \u00bb ...\" \/>\n<meta name=\"robots\" content=\"index, follow, max-snippet:-1, max-image-preview:large, max-video-preview:-1\" \/>\n<link rel=\"canonical\" href=\"https:\/\/alarabtv.info\/?page_id=3453\" \/>\n<meta property=\"og:locale\" content=\"fr_FR\" \/>\n<meta property=\"og:type\" content=\"article\" \/>\n<meta property=\"og:title\" content=\"Qui sommes nous ? - Al Arab TV\" \/>\n<meta property=\"og:description\" content=\"qui-sommes-nous Le site web \u00ab alarabtv.info \u00bb ...\" \/>\n<meta property=\"og:url\" content=\"https:\/\/alarabtv.info\/?page_id=3453\" \/>\n<meta property=\"og:site_name\" content=\"Al Arab TV\" \/>\n<meta property=\"article:publisher\" content=\"https:\/\/www.facebook.com\/AlArabTV.officiel\" \/>\n<meta property=\"article:modified_time\" content=\"2023-11-29T11:32:52+00:00\" \/>\n<meta property=\"og:image\" content=\"https:\/\/alarabtv.info\/wp-content\/uploads\/2023\/11\/logo-alarabtv-ar-ICO.png\" \/>\n\t<meta property=\"og:image:width\" content=\"150\" \/>\n\t<meta property=\"og:image:height\" content=\"150\" \/>\n\t<meta property=\"og:image:type\" content=\"image\/png\" \/>\n<meta name=\"twitter:card\" content=\"summary_large_image\" \/>\n<meta name=\"twitter:label1\" content=\"Dur\u00e9e de lecture estim\u00e9e\" \/>\n\t<meta name=\"twitter:data1\" content=\"1 minute\" \/>\n<script type=\"application\/ld+json\" class=\"yoast-schema-graph\">{\"@context\":\"https:\/\/schema.org\",\"@graph\":[{\"@type\":\"WebPage\",\"@id\":\"https:\/\/alarabtv.info\/?page_id=3453\",\"url\":\"https:\/\/alarabtv.info\/?page_id=3453\",\"name\":\"Qui sommes nous ? - Al Arab TV\",\"isPartOf\":{\"@id\":\"https:\/\/alarabtv.info\/#website\"},\"datePublished\":\"2023-10-03T11:29:47+00:00\",\"dateModified\":\"2023-11-29T11:32:52+00:00\",\"description\":\"qui-sommes-nous Le site web \u00ab alarabtv.info \u00bb ...\",\"breadcrumb\":{\"@id\":\"https:\/\/alarabtv.info\/?page_id=3453#breadcrumb\"},\"inLanguage\":\"fr-FR\",\"potentialAction\":[{\"@type\":\"ReadAction\",\"target\":[\"https:\/\/alarabtv.info\/?page_id=3453\"]}]},{\"@type\":\"BreadcrumbList\",\"@id\":\"https:\/\/alarabtv.info\/?page_id=3453#breadcrumb\",\"itemListElement\":[{\"@type\":\"ListItem\",\"position\":1,\"name\":\"Accueil\",\"item\":\"https:\/\/alarabtv.info\/\"},{\"@type\":\"ListItem\",\"position\":2,\"name\":\"Qui sommes nous ?\"}]},{\"@type\":\"WebSite\",\"@id\":\"https:\/\/alarabtv.info\/#website\",\"url\":\"https:\/\/alarabtv.info\/\",\"name\":\"Al Arab TV\",\"description\":\"\",\"publisher\":{\"@id\":\"https:\/\/alarabtv.info\/#organization\"},\"potentialAction\":[{\"@type\":\"SearchAction\",\"target\":{\"@type\":\"EntryPoint\",\"urlTemplate\":\"https:\/\/alarabtv.info\/?s={search_term_string}\"},\"query-input\":\"required name=search_term_string\"}],\"inLanguage\":\"fr-FR\"},{\"@type\":\"Organization\",\"@id\":\"https:\/\/alarabtv.info\/#organization\",\"name\":\"Al Arab TV\",\"url\":\"https:\/\/alarabtv.info\/\",\"logo\":{\"@type\":\"ImageObject\",\"inLanguage\":\"fr-FR\",\"@id\":\"https:\/\/alarabtv.info\/#\/schema\/logo\/image\/\",\"url\":\"https:\/\/alarabtv.info\/wp-content\/uploads\/2023\/10\/logo-alarab-ico-ar.png\",\"contentUrl\":\"https:\/\/alarabtv.info\/wp-content\/uploads\/2023\/10\/logo-alarab-ico-ar.png\",\"width\":512,\"height\":512,\"caption\":\"Al Arab TV\"},\"image\":{\"@id\":\"https:\/\/alarabtv.info\/#\/schema\/logo\/image\/\"},\"sameAs\":[\"https:\/\/www.facebook.com\/AlArabTV.officiel\"]}]}<\/script>\n<!-- \/ Yoast SEO plugin. -->","yoast_head_json":{"title":"Qui sommes nous ? - Al Arab TV","description":"qui-sommes-nous Le site web \u00ab alarabtv.info \u00bb ...","robots":{"index":"index","follow":"follow","max-snippet":"max-snippet:-1","max-image-preview":"max-image-preview:large","max-video-preview":"max-video-preview:-1"},"canonical":"https:\/\/alarabtv.info\/?page_id=3453","og_locale":"fr_FR","og_type":"article","og_title":"Qui sommes nous ? - Al Arab TV","og_description":"qui-sommes-nous Le site web \u00ab alarabtv.info \u00bb ...","og_url":"https:\/\/alarabtv.info\/?page_id=3453","og_site_name":"Al Arab TV","article_publisher":"https:\/\/www.facebook.com\/AlArabTV.officiel","article_modified_time":"2023-11-29T11:32:52+00:00","og_image":[{"width":150,"height":150,"url":"https:\/\/alarabtv.info\/wp-content\/uploads\/2023\/11\/logo-alarabtv-ar-ICO.png","type":"image\/png"}],"twitter_card":"summary_large_image","twitter_misc":{"Dur\u00e9e de lecture estim\u00e9e":"1 minute"},"schema":{"@context":"https:\/\/schema.org","@graph":[{"@type":"WebPage","@id":"https:\/\/alarabtv.info\/?page_id=3453","url":"https:\/\/alarabtv.info\/?page_id=3453","name":"Qui sommes nous ? - Al Arab TV","isPartOf":{"@id":"https:\/\/alarabtv.info\/#website"},"datePublished":"2023-10-03T11:29:47+00:00","dateModified":"2023-11-29T11:32:52+00:00","description":"qui-sommes-nous Le site web \u00ab alarabtv.info \u00bb ...","breadcrumb":{"@id":"https:\/\/alarabtv.info\/?page_id=3453#breadcrumb"},"inLanguage":"fr-FR","potentialAction":[{"@type":"ReadAction","target":["https:\/\/alarabtv.info\/?page_id=3453"]}]},{"@type":"BreadcrumbList","@id":"https:\/\/alarabtv.info\/?page_id=3453#breadcrumb","itemListElement":[{"@type":"ListItem","position":1,"name":"Accueil","item":"https:\/\/alarabtv.info\/"},{"@type":"ListItem","position":2,"name":"Qui sommes nous ?"}]},{"@type":"WebSite","@id":"https:\/\/alarabtv.info\/#website","url":"https:\/\/alarabtv.info\/","name":"Al Arab TV","description":"","publisher":{"@id":"https:\/\/alarabtv.info\/#organization"},"potentialAction":[{"@type":"SearchAction","target":{"@type":"EntryPoint","urlTemplate":"https:\/\/alarabtv.info\/?s={search_term_string}"},"query-input":"required name=search_term_string"}],"inLanguage":"fr-FR"},{"@type":"Organization","@id":"https:\/\/alarabtv.info\/#organization","name":"Al Arab TV","url":"https:\/\/alarabtv.info\/","logo":{"@type":"ImageObject","inLanguage":"fr-FR","@id":"https:\/\/alarabtv.info\/#\/schema\/logo\/image\/","url":"https:\/\/alarabtv.info\/wp-content\/uploads\/2023\/10\/logo-alarab-ico-ar.png","contentUrl":"https:\/\/alarabtv.info\/wp-content\/uploads\/2023\/10\/logo-alarab-ico-ar.png","width":512,"height":512,"caption":"Al Arab TV"},"image":{"@id":"https:\/\/alarabtv.info\/#\/schema\/logo\/image\/"},"sameAs":["https:\/\/www.facebook.com\/AlArabTV.officiel"]}]}},"_links":{"self":[{"href":"https:\/\/alarabtv.info\/index.php?rest_route=\/wp\/v2\/pages\/3453"}],"collection":[{"href":"https:\/\/alarabtv.info\/index.php?rest_route=\/wp\/v2\/pages"}],"about":[{"href":"https:\/\/alarabtv.info\/index.php?rest_route=\/wp\/v2\/types\/page"}],"author":[{"embeddable":true,"href":"https:\/\/alarabtv.info\/index.php?rest_route=\/wp\/v2\/users\/1"}],"replies":[{"embeddable":true,"href":"https:\/\/alarabtv.info\/index.php?rest_route=%2Fwp%2Fv2%2Fcomments&post=3453"}],"version-history":[{"count":1,"href":"https:\/\/alarabtv.info\/index.php?rest_route=\/wp\/v2\/pages\/3453\/revisions"}],"predecessor-version":[{"id":3454,"href":"https:\/\/alarabtv.info\/index.php?rest_route=\/wp\/v2\/pages\/3453\/revisions\/3454"}],"wp:featuredmedia":[{"embeddable":true,"href":"https:\/\/alarabtv.info\/index.php?rest_route=\/wp\/v2\/media\/2875"}],"wp:attachment":[{"href":"https:\/\/alarabtv.info\/index.php?rest_route=%2Fwp%2Fv2%2Fmedia&parent=3453"}],"curies":[{"name":"wp","href":"https:\/\/api.w.org\/{rel}","templated":true}]}}